{"id":3277,"date":"2023-03-20T08:43:57","date_gmt":"2023-03-20T08:43:57","guid":{"rendered":"http:\/\/www.ferrolcultura.gal\/?page_id=3277"},"modified":"2023-04-24T11:18:34","modified_gmt":"2023-04-24T11:18:34","slug":"fora-do-mapa","status":"publish","type":"page","link":"https:\/\/www.ferrolcultura.gal\/index.php\/proxectos-singulares\/fora-do-mapa\/","title":{"rendered":"F\u00f3ra do mapa"},"content":{"rendered":"\n<p><a rel=\"noreferrer noopener\" href=\"https:\/\/www.facebook.com\/festivalforadomapa\" data-type=\"URL\" data-id=\"https:\/\/www.facebook.com\/festivalforadomapa\" target=\"_blank\">F\u00f3ra do mapa<\/a> \u00e9 un festival de artes esc\u00e9nicas que o Concello de Ferrol desenvolve desde 2016 e ten como caracter\u00edstica principal que todas as s\u00faas actividades cel\u00e9branse en espazos da ciudade apartados dos escenarios habituais e a mi\u00fado desco\u00f1ecidos. Tr\u00e1tase de po\u00f1er en valor o patrimonio da cidade precisamente organizando actividades culturais neses lugares descontextualizados. Entre as iniciativas que se desenvolven no marco deste festival destacan as relacionadas co microteatro. A directora art\u00edstica do proxecto \u00e9 a polifac\u00e9tica Cristina Moreira, actriz, directora, c\u00f3mica, presentadora\u2026 , responsable do enfoque innovador que \u00e9 o sinal de identidade da proposta.<\/p>\n\n\n<div class=\"wp-block-image\">\n<figure class=\"aligncenter size-full\"><img loading=\"lazy\" decoding=\"async\" width=\"1080\" height=\"720\" src=\"http:\/\/www.ferrolcultura.gal\/wp-content\/uploads\/2023\/03\/fora-do-mapa.jpg\" alt=\"\" class=\"wp-image-3278\"\/><\/figure>\n<\/div>\n\n\n<figure class=\"wp-block-gallery has-nested-images columns-default is-cropped wp-block-gallery-1 is-layout-flex wp-block-gallery-is-layout-flex\">\n<figure class=\"wp-block-image size-large\"><img loading=\"lazy\" decoding=\"async\" width=\"960\" height=\"960\" data-id=\"4579\" src=\"http:\/\/www.ferrolcultura.gal\/wp-content\/uploads\/2023\/04\/Fora-do-mapa-3.jpg\" alt=\"\" class=\"wp-image-4579\" srcset=\"https:\/\/www.ferrolcultura.gal\/wp-content\/uploads\/2023\/04\/Fora-do-mapa-3.jpg 960w, https:\/\/www.ferrolcultura.gal\/wp-content\/uploads\/2023\/04\/Fora-do-mapa-3-300x300.jpg 300w, https:\/\/www.ferrolcultura.gal\/wp-content\/uploads\/2023\/04\/Fora-do-mapa-3-150x150.jpg 150w, https:\/\/www.ferrolcultura.gal\/wp-content\/uploads\/2023\/04\/Fora-do-mapa-3-768x768.jpg 768w, https:\/\/www.ferrolcultura.gal\/wp-content\/uploads\/2023\/04\/Fora-do-mapa-3-350x350.jpg 350w, https:\/\/www.ferrolcultura.gal\/wp-content\/uploads\/2023\/04\/Fora-do-mapa-3-650x650.jpg 650w, https:\/\/www.ferrolcultura.gal\/wp-content\/uploads\/2023\/04\/Fora-do-mapa-3-85x85.jpg 85w, https:\/\/www.ferrolcultura.gal\/wp-content\/uploads\/2023\/04\/Fora-do-mapa-3-600x600.jpg 600w, https:\/\/www.ferrolcultura.gal\/wp-content\/uploads\/2023\/04\/Fora-do-mapa-3-100x100.jpg 100w\" sizes=\"auto, (max-width: 960px) 100vw, 960px\" \/><\/figure>\n\n\n\n<figure class=\"wp-block-image size-large\"><img loading=\"lazy\" decoding=\"async\" width=\"682\" height=\"1024\" data-id=\"4581\" src=\"http:\/\/www.ferrolcultura.gal\/wp-content\/uploads\/2023\/04\/Fora-do-mapa-5-682x1024.jpg\" alt=\"\" class=\"wp-image-4581\" srcset=\"https:\/\/www.ferrolcultura.gal\/wp-content\/uploads\/2023\/04\/Fora-do-mapa-5-682x1024.jpg 682w, https:\/\/www.ferrolcultura.gal\/wp-content\/uploads\/2023\/04\/Fora-do-mapa-5-200x300.jpg 200w, https:\/\/www.ferrolcultura.gal\/wp-content\/uploads\/2023\/04\/Fora-do-mapa-5-768x1153.jpg 768w, https:\/\/www.ferrolcultura.gal\/wp-content\/uploads\/2023\/04\/Fora-do-mapa-5-1023x1536.jpg 1023w, https:\/\/www.ferrolcultura.gal\/wp-content\/uploads\/2023\/04\/Fora-do-mapa-5-600x901.jpg 600w, https:\/\/www.ferrolcultura.gal\/wp-content\/uploads\/2023\/04\/Fora-do-mapa-5.jpg 1066w\" sizes=\"auto, (max-width: 682px) 100vw, 682px\" \/><\/figure>\n\n\n\n<figure class=\"wp-block-image size-large\"><img loading=\"lazy\" decoding=\"async\" width=\"960\" height=\"365\" data-id=\"4583\" src=\"http:\/\/www.ferrolcultura.gal\/wp-content\/uploads\/2023\/04\/Fora-do-mapa.jpg\" alt=\"\" class=\"wp-image-4583\" srcset=\"https:\/\/www.ferrolcultura.gal\/wp-content\/uploads\/2023\/04\/Fora-do-mapa.jpg 960w, https:\/\/www.ferrolcultura.gal\/wp-content\/uploads\/2023\/04\/Fora-do-mapa-300x114.jpg 300w, https:\/\/www.ferrolcultura.gal\/wp-content\/uploads\/2023\/04\/Fora-do-mapa-768x292.jpg 768w, https:\/\/www.ferrolcultura.gal\/wp-content\/uploads\/2023\/04\/Fora-do-mapa-600x228.jpg 600w\" sizes=\"auto, (max-width: 960px) 100vw, 960px\" \/><\/figure>\n<\/figure>\n\n\n\n<p>M\u00e1is informaci\u00f3n:<\/p>\n\n\n\n<p><a rel=\"noreferrer noopener\" href=\"https:\/\/www.facebook.com\/festivalforadomapa\" data-type=\"URL\" data-id=\"https:\/\/www.facebook.com\/festivalforadomapa\" target=\"_blank\">https:\/\/www.facebook.com\/festivalforadomapa<\/a><\/p>\n\n\n\n<p><a rel=\"noreferrer noopener\" href=\"https:\/\/www.instagram.com\/foradomapa\/\" data-type=\"URL\" data-id=\"https:\/\/www.instagram.com\/foradomapa\/\" target=\"_blank\">https:\/\/www.instagram.com\/foradomapa\/<\/a><\/p>\n","protected":false},"excerpt":{"rendered":"<p>F\u00f3ra do mapa \u00e9 un festival de artes esc\u00e9nicas que o Concello de Ferrol desenvolve desde 2016 e ten como caracter\u00edstica principal que todas as s\u00faas actividades cel\u00e9branse en espazos da ciudade apartados dos escenarios habituais e a mi\u00fado desco\u00f1ecidos&#8230;.<\/p>\n","protected":false},"author":7,"featured_media":0,"parent":3261,"menu_order":5,"comment_status":"closed","ping_status":"closed","template":"","meta":{"_monsterinsights_skip_tracking":false,"_monsterinsights_sitenote_active":false,"_monsterinsights_sitenote_note":"","_monsterinsights_sitenote_category":0,"footnotes":""},"class_list":["post-3277","page","type-page","status-publish","hentry"],"yoast_head":"<!-- This site is optimized with the Yoast SEO plugin v27.0 - https:\/\/yoast.com\/product\/yoast-seo-wordpress\/ -->\r\n<title>F\u00f3ra do mapa - Ferrol Cultura<\/title>\r\n<meta name=\"robots\" content=\"index, follow, max-snippet:-1, max-image-preview:large, max-video-preview:-1\" \/>\r\n<link rel=\"canonical\" href=\"https:\/\/www.ferrolcultura.gal\/index.php\/proxectos-singulares\/fora-do-mapa\/\" \/>\r\n<meta property=\"og:locale\" content=\"gl_ES\" \/>\r\n<meta property=\"og:type\" content=\"article\" \/>\r\n<meta property=\"og:title\" content=\"F\u00f3ra do mapa - Ferrol Cultura\" \/>\r\n<meta property=\"og:description\" content=\"F\u00f3ra do mapa \u00e9 un festival de artes esc\u00e9nicas que o Concello de Ferrol desenvolve desde 2016 e ten como caracter\u00edstica principal que todas as s\u00faas actividades cel\u00e9branse en espazos da ciudade apartados dos escenarios habituais e a mi\u00fado desco\u00f1ecidos....\" \/>\r\n<meta property=\"og:url\" content=\"https:\/\/www.ferrolcultura.gal\/index.php\/proxectos-singulares\/fora-do-mapa\/\" \/>\r\n<meta property=\"og:site_name\" content=\"Ferrol Cultura\" \/>\r\n<meta property=\"article:publisher\" content=\"https:\/\/www.facebook.com\/ConcellodeFerrol\" \/>\r\n<meta property=\"article:modified_time\" content=\"2023-04-24T11:18:34+00:00\" \/>\r\n<meta property=\"og:image\" content=\"http:\/\/www.ferrolcultura.gal\/wp-content\/uploads\/2023\/03\/fora-do-mapa.jpg\" \/>\r\n<meta name=\"twitter:card\" content=\"summary_large_image\" \/>\r\n<meta name=\"twitter:site\" content=\"@ferroloficial\" \/>\r\n<meta name=\"twitter:label1\" content=\"Tempo de lectura\" \/>\n\t<meta name=\"twitter:data1\" content=\"1 minuto\" \/>\r\n<script type=\"application\/ld+json\" class=\"yoast-schema-graph\">{\"@context\":\"https:\/\/schema.org\",\"@graph\":[{\"@type\":\"WebPage\",\"@id\":\"https:\/\/www.ferrolcultura.gal\/index.php\/proxectos-singulares\/fora-do-mapa\/\",\"url\":\"https:\/\/www.ferrolcultura.gal\/index.php\/proxectos-singulares\/fora-do-mapa\/\",\"name\":\"F\u00f3ra do mapa - Ferrol Cultura\",\"isPartOf\":{\"@id\":\"https:\/\/www.ferrolcultura.gal\/#website\"},\"primaryImageOfPage\":{\"@id\":\"https:\/\/www.ferrolcultura.gal\/index.php\/proxectos-singulares\/fora-do-mapa\/#primaryimage\"},\"image\":{\"@id\":\"https:\/\/www.ferrolcultura.gal\/index.php\/proxectos-singulares\/fora-do-mapa\/#primaryimage\"},\"thumbnailUrl\":\"http:\/\/www.ferrolcultura.gal\/wp-content\/uploads\/2023\/03\/fora-do-mapa.jpg\",\"datePublished\":\"2023-03-20T08:43:57+00:00\",\"dateModified\":\"2023-04-24T11:18:34+00:00\",\"breadcrumb\":{\"@id\":\"https:\/\/www.ferrolcultura.gal\/index.php\/proxectos-singulares\/fora-do-mapa\/#breadcrumb\"},\"inLanguage\":\"gl-ES\",\"potentialAction\":[{\"@type\":\"ReadAction\",\"target\":[\"https:\/\/www.ferrolcultura.gal\/index.php\/proxectos-singulares\/fora-do-mapa\/\"]}]},{\"@type\":\"ImageObject\",\"inLanguage\":\"gl-ES\",\"@id\":\"https:\/\/www.ferrolcultura.gal\/index.php\/proxectos-singulares\/fora-do-mapa\/#primaryimage\",\"url\":\"http:\/\/www.ferrolcultura.gal\/wp-content\/uploads\/2023\/03\/fora-do-mapa.jpg\",\"contentUrl\":\"http:\/\/www.ferrolcultura.gal\/wp-content\/uploads\/2023\/03\/fora-do-mapa.jpg\"},{\"@type\":\"BreadcrumbList\",\"@id\":\"https:\/\/www.ferrolcultura.gal\/index.php\/proxectos-singulares\/fora-do-mapa\/#breadcrumb\",\"itemListElement\":[{\"@type\":\"ListItem\",\"position\":1,\"name\":\"Portada\",\"item\":\"https:\/\/www.ferrolcultura.gal\/\"},{\"@type\":\"ListItem\",\"position\":2,\"name\":\"Proxectos singulares\",\"item\":\"https:\/\/www.ferrolcultura.gal\/index.php\/proxectos-singulares\/\"},{\"@type\":\"ListItem\",\"position\":3,\"name\":\"F\u00f3ra do mapa\"}]},{\"@type\":\"WebSite\",\"@id\":\"https:\/\/www.ferrolcultura.gal\/#website\",\"url\":\"https:\/\/www.ferrolcultura.gal\/\",\"name\":\"Ferrol Cultura\",\"description\":\"P\u00e1xina de Cultura do Concello de Ferrol\",\"publisher\":{\"@id\":\"https:\/\/www.ferrolcultura.gal\/#organization\"},\"potentialAction\":[{\"@type\":\"SearchAction\",\"target\":{\"@type\":\"EntryPoint\",\"urlTemplate\":\"https:\/\/www.ferrolcultura.gal\/?s={search_term_string}\"},\"query-input\":{\"@type\":\"PropertyValueSpecification\",\"valueRequired\":true,\"valueName\":\"search_term_string\"}}],\"inLanguage\":\"gl-ES\"},{\"@type\":\"Organization\",\"@id\":\"https:\/\/www.ferrolcultura.gal\/#organization\",\"name\":\"Concello de Ferrol\",\"url\":\"https:\/\/www.ferrolcultura.gal\/\",\"logo\":{\"@type\":\"ImageObject\",\"inLanguage\":\"gl-ES\",\"@id\":\"https:\/\/www.ferrolcultura.gal\/#\/schema\/logo\/image\/\",\"url\":\"http:\/\/www.ferrolcultura.gal\/wp-content\/uploads\/2023\/03\/Concello-de-Ferrol-Cultura.png\",\"contentUrl\":\"http:\/\/www.ferrolcultura.gal\/wp-content\/uploads\/2023\/03\/Concello-de-Ferrol-Cultura.png\",\"width\":3033,\"height\":419,\"caption\":\"Concello de Ferrol\"},\"image\":{\"@id\":\"https:\/\/www.ferrolcultura.gal\/#\/schema\/logo\/image\/\"},\"sameAs\":[\"https:\/\/www.facebook.com\/ConcellodeFerrol\",\"https:\/\/x.com\/ferroloficial\",\"https:\/\/www.instagram.com\/concellodeferrol\",\"https:\/\/youtube.com\/@ferrolcultura\"]}]}<\/script>\r\n<!-- \/ Yoast SEO plugin. -->","yoast_head_json":{"title":"F\u00f3ra do mapa - Ferrol Cultura","robots":{"index":"index","follow":"follow","max-snippet":"max-snippet:-1","max-image-preview":"max-image-preview:large","max-video-preview":"max-video-preview:-1"},"canonical":"https:\/\/www.ferrolcultura.gal\/index.php\/proxectos-singulares\/fora-do-mapa\/","og_locale":"gl_ES","og_type":"article","og_title":"F\u00f3ra do mapa - Ferrol Cultura","og_description":"F\u00f3ra do mapa \u00e9 un festival de artes esc\u00e9nicas que o Concello de Ferrol desenvolve desde 2016 e ten como caracter\u00edstica principal que todas as s\u00faas actividades cel\u00e9branse en espazos da ciudade apartados dos escenarios habituais e a mi\u00fado desco\u00f1ecidos....","og_url":"https:\/\/www.ferrolcultura.gal\/index.php\/proxectos-singulares\/fora-do-mapa\/","og_site_name":"Ferrol Cultura","article_publisher":"https:\/\/www.facebook.com\/ConcellodeFerrol","article_modified_time":"2023-04-24T11:18:34+00:00","og_image":[{"url":"http:\/\/www.ferrolcultura.gal\/wp-content\/uploads\/2023\/03\/fora-do-mapa.jpg","type":"","width":"","height":""}],"twitter_card":"summary_large_image","twitter_site":"@ferroloficial","twitter_misc":{"Tempo de lectura":"1 minuto"},"schema":{"@context":"https:\/\/schema.org","@graph":[{"@type":"WebPage","@id":"https:\/\/www.ferrolcultura.gal\/index.php\/proxectos-singulares\/fora-do-mapa\/","url":"https:\/\/www.ferrolcultura.gal\/index.php\/proxectos-singulares\/fora-do-mapa\/","name":"F\u00f3ra do mapa - Ferrol Cultura","isPartOf":{"@id":"https:\/\/www.ferrolcultura.gal\/#website"},"primaryImageOfPage":{"@id":"https:\/\/www.ferrolcultura.gal\/index.php\/proxectos-singulares\/fora-do-mapa\/#primaryimage"},"image":{"@id":"https:\/\/www.ferrolcultura.gal\/index.php\/proxectos-singulares\/fora-do-mapa\/#primaryimage"},"thumbnailUrl":"http:\/\/www.ferrolcultura.gal\/wp-content\/uploads\/2023\/03\/fora-do-mapa.jpg","datePublished":"2023-03-20T08:43:57+00:00","dateModified":"2023-04-24T11:18:34+00:00","breadcrumb":{"@id":"https:\/\/www.ferrolcultura.gal\/index.php\/proxectos-singulares\/fora-do-mapa\/#breadcrumb"},"inLanguage":"gl-ES","potentialAction":[{"@type":"ReadAction","target":["https:\/\/www.ferrolcultura.gal\/index.php\/proxectos-singulares\/fora-do-mapa\/"]}]},{"@type":"ImageObject","inLanguage":"gl-ES","@id":"https:\/\/www.ferrolcultura.gal\/index.php\/proxectos-singulares\/fora-do-mapa\/#primaryimage","url":"http:\/\/www.ferrolcultura.gal\/wp-content\/uploads\/2023\/03\/fora-do-mapa.jpg","contentUrl":"http:\/\/www.ferrolcultura.gal\/wp-content\/uploads\/2023\/03\/fora-do-mapa.jpg"},{"@type":"BreadcrumbList","@id":"https:\/\/www.ferrolcultura.gal\/index.php\/proxectos-singulares\/fora-do-mapa\/#breadcrumb","itemListElement":[{"@type":"ListItem","position":1,"name":"Portada","item":"https:\/\/www.ferrolcultura.gal\/"},{"@type":"ListItem","position":2,"name":"Proxectos singulares","item":"https:\/\/www.ferrolcultura.gal\/index.php\/proxectos-singulares\/"},{"@type":"ListItem","position":3,"name":"F\u00f3ra do mapa"}]},{"@type":"WebSite","@id":"https:\/\/www.ferrolcultura.gal\/#website","url":"https:\/\/www.ferrolcultura.gal\/","name":"Ferrol Cultura","description":"P\u00e1xina de Cultura do Concello de Ferrol","publisher":{"@id":"https:\/\/www.ferrolcultura.gal\/#organization"},"potentialAction":[{"@type":"SearchAction","target":{"@type":"EntryPoint","urlTemplate":"https:\/\/www.ferrolcultura.gal\/?s={search_term_string}"},"query-input":{"@type":"PropertyValueSpecification","valueRequired":true,"valueName":"search_term_string"}}],"inLanguage":"gl-ES"},{"@type":"Organization","@id":"https:\/\/www.ferrolcultura.gal\/#organization","name":"Concello de Ferrol","url":"https:\/\/www.ferrolcultura.gal\/","logo":{"@type":"ImageObject","inLanguage":"gl-ES","@id":"https:\/\/www.ferrolcultura.gal\/#\/schema\/logo\/image\/","url":"http:\/\/www.ferrolcultura.gal\/wp-content\/uploads\/2023\/03\/Concello-de-Ferrol-Cultura.png","contentUrl":"http:\/\/www.ferrolcultura.gal\/wp-content\/uploads\/2023\/03\/Concello-de-Ferrol-Cultura.png","width":3033,"height":419,"caption":"Concello de Ferrol"},"image":{"@id":"https:\/\/www.ferrolcultura.gal\/#\/schema\/logo\/image\/"},"sameAs":["https:\/\/www.facebook.com\/ConcellodeFerrol","https:\/\/x.com\/ferroloficial","https:\/\/www.instagram.com\/concellodeferrol","https:\/\/youtube.com\/@ferrolcultura"]}]}},"_links":{"self":[{"href":"https:\/\/www.ferrolcultura.gal\/index.php\/wp-json\/wp\/v2\/pages\/3277","targetHints":{"allow":["GET"]}}],"collection":[{"href":"https:\/\/www.ferrolcultura.gal\/index.php\/wp-json\/wp\/v2\/pages"}],"about":[{"href":"https:\/\/www.ferrolcultura.gal\/index.php\/wp-json\/wp\/v2\/types\/page"}],"author":[{"embeddable":true,"href":"https:\/\/www.ferrolcultura.gal\/index.php\/wp-json\/wp\/v2\/users\/7"}],"replies":[{"embeddable":true,"href":"https:\/\/www.ferrolcultura.gal\/index.php\/wp-json\/wp\/v2\/comments?post=3277"}],"version-history":[{"count":0,"href":"https:\/\/www.ferrolcultura.gal\/index.php\/wp-json\/wp\/v2\/pages\/3277\/revisions"}],"up":[{"embeddable":true,"href":"https:\/\/www.ferrolcultura.gal\/index.php\/wp-json\/wp\/v2\/pages\/3261"}],"wp:attachment":[{"href":"https:\/\/www.ferrolcultura.gal\/index.php\/wp-json\/wp\/v2\/media?parent=3277"}],"curies":[{"name":"wp","href":"https:\/\/api.w.org\/{rel}","templated":true}]}}