{"id":3341,"date":"2023-03-20T10:43:38","date_gmt":"2023-03-20T10:43:38","guid":{"rendered":"http:\/\/www.ferrolcultura.gal\/?page_id=3341"},"modified":"2024-09-19T10:44:22","modified_gmt":"2024-09-19T10:44:22","slug":"centro-cultural-carvalho-calero","status":"publish","type":"page","link":"https:\/\/www.ferrolcultura.gal\/index.php\/centros-culturais\/centro-cultural-carvalho-calero\/","title":{"rendered":"Centro Cultural Carvalho Calero"},"content":{"rendered":"\n<p>O centro cultural Carvalho Calero presta servizo no barrio do Ensanche A (Praza do Inferni\u00f1o) desde o ano 1993. O edificio leva o nome do profesor Ricardo Carvalho Calero, Fillo Predilecto de Ferrol e autor de numerosa obra de narrativa, ensaio e teatro. A Real Academia Galega dedicoulle o D\u00eda das Letras Galegas no ano 2020.<\/p>\n\n\n\n<p>O edificio disp\u00f3n dun auditorio e unha sala de exposici\u00f3ns entre outras instalaci\u00f3ns e normalmente \u00e9 sede de cursos destinados aos veci\u00f1os e veci\u00f1as do barrio, xa que a entidade veci\u00f1al do Ensanche A ten nel o seu local. Tam\u00e9n utiliza estas dependencias como sede social a Agrupaci\u00f3n Folkl\u00f3rica e Cultural Terra Meiga e \u00e9 o lugar habitual de ensaio das representaci\u00f3ns teatrais da Asociaci\u00f3n Amistad de Santa Mari\u00f1a.<\/p>\n\n\n\n<h4 class=\"wp-block-heading\">FICHA T\u00c9CNICA<\/h4>\n\n\n\n<p><strong>Direcci\u00f3n:<\/strong> Praza do Inferni\u00f1o s\/n. 15403 Ferrol<\/p>\n\n\n\n<p><strong>Tel\u00e9fono:<\/strong> 981 944 186<\/p>\n\n\n\n<p><strong>Horario:<\/strong><br>Luns a venres de 9.00 a 14.00 h.<br>Inverno (1 de outubro a 31 de maio): luns a venres de 10.30 a 13.30 e de 17.00 a 21.00 horas.<\/p>\n\n\n\n<p>Os s\u00e1bados e domingos abre a demanda solicitando a autorizaci\u00f3n \u00e1 Conceller\u00eda de Cultura.<\/p>\n\n\n\n<figure class=\"wp-block-gallery has-nested-images columns-default is-cropped wp-block-gallery-1 is-layout-flex wp-block-gallery-is-layout-flex\">\n<figure class=\"wp-block-image size-large\"><img loading=\"lazy\" decoding=\"async\" width=\"667\" height=\"375\" data-id=\"3342\" src=\"http:\/\/www.ferrolcultura.gal\/wp-content\/uploads\/2023\/03\/c-calero-1.jpg\" alt=\"\" class=\"wp-image-3342\"\/><\/figure>\n\n\n\n<figure class=\"wp-block-image size-large\"><img loading=\"lazy\" decoding=\"async\" width=\"700\" height=\"394\" data-id=\"3343\" src=\"http:\/\/www.ferrolcultura.gal\/wp-content\/uploads\/2023\/03\/c-calero-2.jpg\" alt=\"\" class=\"wp-image-3343\"\/><\/figure>\n<\/figure>\n","protected":false},"excerpt":{"rendered":"<p>O centro cultural Carvalho Calero presta servizo no barrio do Ensanche A (Praza do Inferni\u00f1o) desde o ano 1993. O edificio leva o nome do profesor Ricardo Carvalho Calero, Fillo Predilecto de Ferrol e autor de numerosa obra de narrativa,&#8230;<\/p>\n","protected":false},"author":7,"featured_media":0,"parent":3317,"menu_order":6,"comment_status":"closed","ping_status":"closed","template":"","meta":{"_monsterinsights_skip_tracking":false,"_monsterinsights_sitenote_active":false,"_monsterinsights_sitenote_note":"","_monsterinsights_sitenote_category":0,"footnotes":""},"class_list":["post-3341","page","type-page","status-publish","hentry"],"yoast_head":"<!-- This site is optimized with the Yoast SEO plugin v27.0 - https:\/\/yoast.com\/product\/yoast-seo-wordpress\/ -->\r\n<title>Centro Cultural Carvalho Calero - Ferrol Cultura<\/title>\r\n<meta name=\"robots\" content=\"index, follow, max-snippet:-1, max-image-preview:large, max-video-preview:-1\" \/>\r\n<link rel=\"canonical\" href=\"https:\/\/www.ferrolcultura.gal\/index.php\/centros-culturais\/centro-cultural-carvalho-calero\/\" \/>\r\n<meta property=\"og:locale\" content=\"gl_ES\" \/>\r\n<meta property=\"og:type\" content=\"article\" \/>\r\n<meta property=\"og:title\" content=\"Centro Cultural Carvalho Calero - Ferrol Cultura\" \/>\r\n<meta property=\"og:description\" content=\"O centro cultural Carvalho Calero presta servizo no barrio do Ensanche A (Praza do Inferni\u00f1o) desde o ano 1993. O edificio leva o nome do profesor Ricardo Carvalho Calero, Fillo Predilecto de Ferrol e autor de numerosa obra de narrativa,...\" \/>\r\n<meta property=\"og:url\" content=\"https:\/\/www.ferrolcultura.gal\/index.php\/centros-culturais\/centro-cultural-carvalho-calero\/\" \/>\r\n<meta property=\"og:site_name\" content=\"Ferrol Cultura\" \/>\r\n<meta property=\"article:publisher\" content=\"https:\/\/www.facebook.com\/ConcellodeFerrol\" \/>\r\n<meta property=\"article:modified_time\" content=\"2024-09-19T10:44:22+00:00\" \/>\r\n<meta property=\"og:image\" content=\"http:\/\/www.ferrolcultura.gal\/wp-content\/uploads\/2023\/03\/c-calero-1.jpg\" \/>\r\n<meta name=\"twitter:card\" content=\"summary_large_image\" \/>\r\n<meta name=\"twitter:site\" content=\"@ferroloficial\" \/>\r\n<meta name=\"twitter:label1\" content=\"Tempo de lectura\" \/>\n\t<meta name=\"twitter:data1\" content=\"2 minutos\" \/>\r\n<script type=\"application\/ld+json\" class=\"yoast-schema-graph\">{\"@context\":\"https:\/\/schema.org\",\"@graph\":[{\"@type\":\"WebPage\",\"@id\":\"https:\/\/www.ferrolcultura.gal\/index.php\/centros-culturais\/centro-cultural-carvalho-calero\/\",\"url\":\"https:\/\/www.ferrolcultura.gal\/index.php\/centros-culturais\/centro-cultural-carvalho-calero\/\",\"name\":\"Centro Cultural Carvalho Calero - Ferrol Cultura\",\"isPartOf\":{\"@id\":\"https:\/\/www.ferrolcultura.gal\/#website\"},\"primaryImageOfPage\":{\"@id\":\"https:\/\/www.ferrolcultura.gal\/index.php\/centros-culturais\/centro-cultural-carvalho-calero\/#primaryimage\"},\"image\":{\"@id\":\"https:\/\/www.ferrolcultura.gal\/index.php\/centros-culturais\/centro-cultural-carvalho-calero\/#primaryimage\"},\"thumbnailUrl\":\"http:\/\/www.ferrolcultura.gal\/wp-content\/uploads\/2023\/03\/c-calero-1.jpg\",\"datePublished\":\"2023-03-20T10:43:38+00:00\",\"dateModified\":\"2024-09-19T10:44:22+00:00\",\"breadcrumb\":{\"@id\":\"https:\/\/www.ferrolcultura.gal\/index.php\/centros-culturais\/centro-cultural-carvalho-calero\/#breadcrumb\"},\"inLanguage\":\"gl-ES\",\"potentialAction\":[{\"@type\":\"ReadAction\",\"target\":[\"https:\/\/www.ferrolcultura.gal\/index.php\/centros-culturais\/centro-cultural-carvalho-calero\/\"]}]},{\"@type\":\"ImageObject\",\"inLanguage\":\"gl-ES\",\"@id\":\"https:\/\/www.ferrolcultura.gal\/index.php\/centros-culturais\/centro-cultural-carvalho-calero\/#primaryimage\",\"url\":\"http:\/\/www.ferrolcultura.gal\/wp-content\/uploads\/2023\/03\/c-calero-1.jpg\",\"contentUrl\":\"http:\/\/www.ferrolcultura.gal\/wp-content\/uploads\/2023\/03\/c-calero-1.jpg\"},{\"@type\":\"BreadcrumbList\",\"@id\":\"https:\/\/www.ferrolcultura.gal\/index.php\/centros-culturais\/centro-cultural-carvalho-calero\/#breadcrumb\",\"itemListElement\":[{\"@type\":\"ListItem\",\"position\":1,\"name\":\"Portada\",\"item\":\"https:\/\/www.ferrolcultura.gal\/\"},{\"@type\":\"ListItem\",\"position\":2,\"name\":\"Centros culturais\",\"item\":\"https:\/\/www.ferrolcultura.gal\/index.php\/centros-culturais\/\"},{\"@type\":\"ListItem\",\"position\":3,\"name\":\"Centro Cultural Carvalho Calero\"}]},{\"@type\":\"WebSite\",\"@id\":\"https:\/\/www.ferrolcultura.gal\/#website\",\"url\":\"https:\/\/www.ferrolcultura.gal\/\",\"name\":\"Ferrol Cultura\",\"description\":\"P\u00e1xina de Cultura do Concello de Ferrol\",\"publisher\":{\"@id\":\"https:\/\/www.ferrolcultura.gal\/#organization\"},\"potentialAction\":[{\"@type\":\"SearchAction\",\"target\":{\"@type\":\"EntryPoint\",\"urlTemplate\":\"https:\/\/www.ferrolcultura.gal\/?s={search_term_string}\"},\"query-input\":{\"@type\":\"PropertyValueSpecification\",\"valueRequired\":true,\"valueName\":\"search_term_string\"}}],\"inLanguage\":\"gl-ES\"},{\"@type\":\"Organization\",\"@id\":\"https:\/\/www.ferrolcultura.gal\/#organization\",\"name\":\"Concello de Ferrol\",\"url\":\"https:\/\/www.ferrolcultura.gal\/\",\"logo\":{\"@type\":\"ImageObject\",\"inLanguage\":\"gl-ES\",\"@id\":\"https:\/\/www.ferrolcultura.gal\/#\/schema\/logo\/image\/\",\"url\":\"http:\/\/www.ferrolcultura.gal\/wp-content\/uploads\/2023\/03\/Concello-de-Ferrol-Cultura.png\",\"contentUrl\":\"http:\/\/www.ferrolcultura.gal\/wp-content\/uploads\/2023\/03\/Concello-de-Ferrol-Cultura.png\",\"width\":3033,\"height\":419,\"caption\":\"Concello de Ferrol\"},\"image\":{\"@id\":\"https:\/\/www.ferrolcultura.gal\/#\/schema\/logo\/image\/\"},\"sameAs\":[\"https:\/\/www.facebook.com\/ConcellodeFerrol\",\"https:\/\/x.com\/ferroloficial\",\"https:\/\/www.instagram.com\/concellodeferrol\",\"https:\/\/youtube.com\/@ferrolcultura\"]}]}<\/script>\r\n<!-- \/ Yoast SEO plugin. -->","yoast_head_json":{"title":"Centro Cultural Carvalho Calero - Ferrol Cultura","robots":{"index":"index","follow":"follow","max-snippet":"max-snippet:-1","max-image-preview":"max-image-preview:large","max-video-preview":"max-video-preview:-1"},"canonical":"https:\/\/www.ferrolcultura.gal\/index.php\/centros-culturais\/centro-cultural-carvalho-calero\/","og_locale":"gl_ES","og_type":"article","og_title":"Centro Cultural Carvalho Calero - Ferrol Cultura","og_description":"O centro cultural Carvalho Calero presta servizo no barrio do Ensanche A (Praza do Inferni\u00f1o) desde o ano 1993. O edificio leva o nome do profesor Ricardo Carvalho Calero, Fillo Predilecto de Ferrol e autor de numerosa obra de narrativa,...","og_url":"https:\/\/www.ferrolcultura.gal\/index.php\/centros-culturais\/centro-cultural-carvalho-calero\/","og_site_name":"Ferrol Cultura","article_publisher":"https:\/\/www.facebook.com\/ConcellodeFerrol","article_modified_time":"2024-09-19T10:44:22+00:00","og_image":[{"url":"http:\/\/www.ferrolcultura.gal\/wp-content\/uploads\/2023\/03\/c-calero-1.jpg","type":"","width":"","height":""}],"twitter_card":"summary_large_image","twitter_site":"@ferroloficial","twitter_misc":{"Tempo de lectura":"2 minutos"},"schema":{"@context":"https:\/\/schema.org","@graph":[{"@type":"WebPage","@id":"https:\/\/www.ferrolcultura.gal\/index.php\/centros-culturais\/centro-cultural-carvalho-calero\/","url":"https:\/\/www.ferrolcultura.gal\/index.php\/centros-culturais\/centro-cultural-carvalho-calero\/","name":"Centro Cultural Carvalho Calero - Ferrol Cultura","isPartOf":{"@id":"https:\/\/www.ferrolcultura.gal\/#website"},"primaryImageOfPage":{"@id":"https:\/\/www.ferrolcultura.gal\/index.php\/centros-culturais\/centro-cultural-carvalho-calero\/#primaryimage"},"image":{"@id":"https:\/\/www.ferrolcultura.gal\/index.php\/centros-culturais\/centro-cultural-carvalho-calero\/#primaryimage"},"thumbnailUrl":"http:\/\/www.ferrolcultura.gal\/wp-content\/uploads\/2023\/03\/c-calero-1.jpg","datePublished":"2023-03-20T10:43:38+00:00","dateModified":"2024-09-19T10:44:22+00:00","breadcrumb":{"@id":"https:\/\/www.ferrolcultura.gal\/index.php\/centros-culturais\/centro-cultural-carvalho-calero\/#breadcrumb"},"inLanguage":"gl-ES","potentialAction":[{"@type":"ReadAction","target":["https:\/\/www.ferrolcultura.gal\/index.php\/centros-culturais\/centro-cultural-carvalho-calero\/"]}]},{"@type":"ImageObject","inLanguage":"gl-ES","@id":"https:\/\/www.ferrolcultura.gal\/index.php\/centros-culturais\/centro-cultural-carvalho-calero\/#primaryimage","url":"http:\/\/www.ferrolcultura.gal\/wp-content\/uploads\/2023\/03\/c-calero-1.jpg","contentUrl":"http:\/\/www.ferrolcultura.gal\/wp-content\/uploads\/2023\/03\/c-calero-1.jpg"},{"@type":"BreadcrumbList","@id":"https:\/\/www.ferrolcultura.gal\/index.php\/centros-culturais\/centro-cultural-carvalho-calero\/#breadcrumb","itemListElement":[{"@type":"ListItem","position":1,"name":"Portada","item":"https:\/\/www.ferrolcultura.gal\/"},{"@type":"ListItem","position":2,"name":"Centros culturais","item":"https:\/\/www.ferrolcultura.gal\/index.php\/centros-culturais\/"},{"@type":"ListItem","position":3,"name":"Centro Cultural Carvalho Calero"}]},{"@type":"WebSite","@id":"https:\/\/www.ferrolcultura.gal\/#website","url":"https:\/\/www.ferrolcultura.gal\/","name":"Ferrol Cultura","description":"P\u00e1xina de Cultura do Concello de Ferrol","publisher":{"@id":"https:\/\/www.ferrolcultura.gal\/#organization"},"potentialAction":[{"@type":"SearchAction","target":{"@type":"EntryPoint","urlTemplate":"https:\/\/www.ferrolcultura.gal\/?s={search_term_string}"},"query-input":{"@type":"PropertyValueSpecification","valueRequired":true,"valueName":"search_term_string"}}],"inLanguage":"gl-ES"},{"@type":"Organization","@id":"https:\/\/www.ferrolcultura.gal\/#organization","name":"Concello de Ferrol","url":"https:\/\/www.ferrolcultura.gal\/","logo":{"@type":"ImageObject","inLanguage":"gl-ES","@id":"https:\/\/www.ferrolcultura.gal\/#\/schema\/logo\/image\/","url":"http:\/\/www.ferrolcultura.gal\/wp-content\/uploads\/2023\/03\/Concello-de-Ferrol-Cultura.png","contentUrl":"http:\/\/www.ferrolcultura.gal\/wp-content\/uploads\/2023\/03\/Concello-de-Ferrol-Cultura.png","width":3033,"height":419,"caption":"Concello de Ferrol"},"image":{"@id":"https:\/\/www.ferrolcultura.gal\/#\/schema\/logo\/image\/"},"sameAs":["https:\/\/www.facebook.com\/ConcellodeFerrol","https:\/\/x.com\/ferroloficial","https:\/\/www.instagram.com\/concellodeferrol","https:\/\/youtube.com\/@ferrolcultura"]}]}},"_links":{"self":[{"href":"https:\/\/www.ferrolcultura.gal\/index.php\/wp-json\/wp\/v2\/pages\/3341","targetHints":{"allow":["GET"]}}],"collection":[{"href":"https:\/\/www.ferrolcultura.gal\/index.php\/wp-json\/wp\/v2\/pages"}],"about":[{"href":"https:\/\/www.ferrolcultura.gal\/index.php\/wp-json\/wp\/v2\/types\/page"}],"author":[{"embeddable":true,"href":"https:\/\/www.ferrolcultura.gal\/index.php\/wp-json\/wp\/v2\/users\/7"}],"replies":[{"embeddable":true,"href":"https:\/\/www.ferrolcultura.gal\/index.php\/wp-json\/wp\/v2\/comments?post=3341"}],"version-history":[{"count":1,"href":"https:\/\/www.ferrolcultura.gal\/index.php\/wp-json\/wp\/v2\/pages\/3341\/revisions"}],"predecessor-version":[{"id":6654,"href":"https:\/\/www.ferrolcultura.gal\/index.php\/wp-json\/wp\/v2\/pages\/3341\/revisions\/6654"}],"up":[{"embeddable":true,"href":"https:\/\/www.ferrolcultura.gal\/index.php\/wp-json\/wp\/v2\/pages\/3317"}],"wp:attachment":[{"href":"https:\/\/www.ferrolcultura.gal\/index.php\/wp-json\/wp\/v2\/media?parent=3341"}],"curies":[{"name":"wp","href":"https:\/\/api.w.org\/{rel}","templated":true}]}}