{"id":3351,"date":"2023-03-20T10:51:58","date_gmt":"2023-03-20T10:51:58","guid":{"rendered":"http:\/\/www.ferrolcultura.gal\/?page_id=3351"},"modified":"2023-03-20T10:52:05","modified_gmt":"2023-03-20T10:52:05","slug":"arquivo","status":"publish","type":"page","link":"https:\/\/www.ferrolcultura.gal\/index.php\/centros-culturais\/arquivo\/","title":{"rendered":"Arquivo"},"content":{"rendered":"\n<p>O Arquivo Municipal custodia e conserva os documentos producidos e recibidos polo Concello de Ferrol desde o s\u00e9culo XVIII ata a actualidade, a\u00ednda que conta con alg\u00fan anterior, concretamente do s\u00e9culo XIV. Este servizo constit\u00fae a memoria escrita m\u00e1is pr\u00f3xima e directa da historia da cidade, sendo testemu\u00f1a da propia administraci\u00f3n e da xesti\u00f3n do Concello e fonte primaria para a interpretaci\u00f3n, construci\u00f3n e estudo da historia local. O arquivo vela igualmente pola integridade, preservaci\u00f3n e difusi\u00f3n do patrimonio documental do municipio de titularidade p\u00fablica, procurando tam\u00e9n o ingreso de documentos privados.<\/p>\n\n\n\n<p>Os fondos p\u00fablicos do arquivo corresp\u00f3ndense maioritariamente coa administraci\u00f3n local do Concello de Ferrol a\u00ednda que tam\u00e9n hai documentaci\u00f3n dos antigos Concellos da Gra\u00f1a e Serantes, as\u00ed como da Fiscal\u00eda de Vivenda dependente da Administraci\u00f3n Central. Cust\u00f3dianse as\u00ed mesmo os documentos da Fundaci\u00f3n Ben\u00e9fica Ram\u00f3n Pla e os arquivos persoais de Goy da Silva e Vicente Garc\u00eda-Lastra Rivera. Toda esta documentaci\u00f3n re\u00fanese en m\u00e1is de 13.000 caixas e m\u00e1is de 4.000 libros.<\/p>\n\n\n\n<p>Os servizos que se prestan son: informaci\u00f3n oral e escrita; pr\u00e9stamo \u00e1s oficinas do Concello; consulta en sala, con capacidade para 10 persoas, e asesoramento sobre a historia e evoluci\u00f3n do Concello.<\/p>\n\n\n\n<p>Disp\u00f3n ademais dunha pequena biblioteca especializada en arquiv\u00edstica, Dereito, historia das instituci\u00f3ns e historia da cidade, que funciona como apoio nos traballos t\u00e9cnicos do servizo de Arquiv\u00edstica e para consultas de investigadores, previa solicitude.<\/p>\n\n\n\n<h4 class=\"wp-block-heading\">FICHA T\u00c9CNICA<\/h4>\n\n\n\n<p><strong>Direcci\u00f3n:<\/strong> Pazo Municipal. Praza de Armas s\/n<\/p>\n\n\n\n<p><strong>Tel\u00e9fono:<\/strong> 981 944 185<\/p>\n\n\n\n<p><a><\/a> <strong>Correo electr\u00f3nico:<\/strong> <a href=\"mailto:arquivo@ferrol.es\">arquivo@ferrol.es<\/a><\/p>\n\n\n\n<p><strong>Enlace \u00e1 base de datos do arquivo:<\/strong> <a href=\"http:\/\/www.ferrol.es\/arquivo\/index.asp#acceso\">http:\/\/www.ferrol.es\/arquivo\/index.asp#acceso<\/a><\/p>\n\n\n\n<figure class=\"wp-block-gallery has-nested-images columns-default is-cropped wp-block-gallery-1 is-layout-flex wp-block-gallery-is-layout-flex\">\n<figure class=\"wp-block-image size-large\"><img loading=\"lazy\" decoding=\"async\" width=\"752\" height=\"618\" data-id=\"3352\" src=\"http:\/\/www.ferrolcultura.gal\/wp-content\/uploads\/2023\/03\/arquivo-3.jpg\" alt=\"\" class=\"wp-image-3352\"\/><\/figure>\n\n\n\n<figure class=\"wp-block-image size-large\"><img loading=\"lazy\" decoding=\"async\" width=\"905\" height=\"679\" data-id=\"3353\" src=\"http:\/\/www.ferrolcultura.gal\/wp-content\/uploads\/2023\/03\/arquivo-1.jpg\" alt=\"\" class=\"wp-image-3353\"\/><\/figure>\n<\/figure>\n","protected":false},"excerpt":{"rendered":"<p>O Arquivo Municipal custodia e conserva os documentos producidos e recibidos polo Concello de Ferrol desde o s\u00e9culo XVIII ata a actualidade, a\u00ednda que conta con alg\u00fan anterior, concretamente do s\u00e9culo XIV. Este servizo constit\u00fae a memoria escrita m\u00e1is pr\u00f3xima&#8230;<\/p>\n","protected":false},"author":7,"featured_media":0,"parent":3317,"menu_order":5,"comment_status":"closed","ping_status":"closed","template":"","meta":{"_monsterinsights_skip_tracking":false,"_monsterinsights_sitenote_active":false,"_monsterinsights_sitenote_note":"","_monsterinsights_sitenote_category":0,"footnotes":""},"class_list":["post-3351","page","type-page","status-publish","hentry"],"yoast_head":"<!-- This site is optimized with the Yoast SEO plugin v27.0 - https:\/\/yoast.com\/product\/yoast-seo-wordpress\/ -->\r\n<title>Arquivo - Ferrol Cultura<\/title>\r\n<meta name=\"robots\" content=\"index, follow, max-snippet:-1, max-image-preview:large, max-video-preview:-1\" \/>\r\n<link rel=\"canonical\" href=\"https:\/\/www.ferrolcultura.gal\/index.php\/centros-culturais\/arquivo\/\" \/>\r\n<meta property=\"og:locale\" content=\"gl_ES\" \/>\r\n<meta property=\"og:type\" content=\"article\" \/>\r\n<meta property=\"og:title\" content=\"Arquivo - Ferrol Cultura\" \/>\r\n<meta property=\"og:description\" content=\"O Arquivo Municipal custodia e conserva os documentos producidos e recibidos polo Concello de Ferrol desde o s\u00e9culo XVIII ata a actualidade, a\u00ednda que conta con alg\u00fan anterior, concretamente do s\u00e9culo XIV. Este servizo constit\u00fae a memoria escrita m\u00e1is pr\u00f3xima...\" \/>\r\n<meta property=\"og:url\" content=\"https:\/\/www.ferrolcultura.gal\/index.php\/centros-culturais\/arquivo\/\" \/>\r\n<meta property=\"og:site_name\" content=\"Ferrol Cultura\" \/>\r\n<meta property=\"article:publisher\" content=\"https:\/\/www.facebook.com\/ConcellodeFerrol\" \/>\r\n<meta property=\"article:modified_time\" content=\"2023-03-20T10:52:05+00:00\" \/>\r\n<meta property=\"og:image\" content=\"http:\/\/www.ferrolcultura.gal\/wp-content\/uploads\/2023\/03\/arquivo-3.jpg\" \/>\r\n<meta name=\"twitter:card\" content=\"summary_large_image\" \/>\r\n<meta name=\"twitter:site\" content=\"@ferroloficial\" \/>\r\n<meta name=\"twitter:label1\" content=\"Tempo de lectura\" \/>\n\t<meta name=\"twitter:data1\" content=\"2 minutos\" \/>\r\n<script type=\"application\/ld+json\" class=\"yoast-schema-graph\">{\"@context\":\"https:\/\/schema.org\",\"@graph\":[{\"@type\":\"WebPage\",\"@id\":\"https:\/\/www.ferrolcultura.gal\/index.php\/centros-culturais\/arquivo\/\",\"url\":\"https:\/\/www.ferrolcultura.gal\/index.php\/centros-culturais\/arquivo\/\",\"name\":\"Arquivo - Ferrol Cultura\",\"isPartOf\":{\"@id\":\"https:\/\/www.ferrolcultura.gal\/#website\"},\"primaryImageOfPage\":{\"@id\":\"https:\/\/www.ferrolcultura.gal\/index.php\/centros-culturais\/arquivo\/#primaryimage\"},\"image\":{\"@id\":\"https:\/\/www.ferrolcultura.gal\/index.php\/centros-culturais\/arquivo\/#primaryimage\"},\"thumbnailUrl\":\"http:\/\/www.ferrolcultura.gal\/wp-content\/uploads\/2023\/03\/arquivo-3.jpg\",\"datePublished\":\"2023-03-20T10:51:58+00:00\",\"dateModified\":\"2023-03-20T10:52:05+00:00\",\"breadcrumb\":{\"@id\":\"https:\/\/www.ferrolcultura.gal\/index.php\/centros-culturais\/arquivo\/#breadcrumb\"},\"inLanguage\":\"gl-ES\",\"potentialAction\":[{\"@type\":\"ReadAction\",\"target\":[\"https:\/\/www.ferrolcultura.gal\/index.php\/centros-culturais\/arquivo\/\"]}]},{\"@type\":\"ImageObject\",\"inLanguage\":\"gl-ES\",\"@id\":\"https:\/\/www.ferrolcultura.gal\/index.php\/centros-culturais\/arquivo\/#primaryimage\",\"url\":\"http:\/\/www.ferrolcultura.gal\/wp-content\/uploads\/2023\/03\/arquivo-3.jpg\",\"contentUrl\":\"http:\/\/www.ferrolcultura.gal\/wp-content\/uploads\/2023\/03\/arquivo-3.jpg\"},{\"@type\":\"BreadcrumbList\",\"@id\":\"https:\/\/www.ferrolcultura.gal\/index.php\/centros-culturais\/arquivo\/#breadcrumb\",\"itemListElement\":[{\"@type\":\"ListItem\",\"position\":1,\"name\":\"Portada\",\"item\":\"https:\/\/www.ferrolcultura.gal\/\"},{\"@type\":\"ListItem\",\"position\":2,\"name\":\"Centros culturais\",\"item\":\"https:\/\/www.ferrolcultura.gal\/index.php\/centros-culturais\/\"},{\"@type\":\"ListItem\",\"position\":3,\"name\":\"Arquivo\"}]},{\"@type\":\"WebSite\",\"@id\":\"https:\/\/www.ferrolcultura.gal\/#website\",\"url\":\"https:\/\/www.ferrolcultura.gal\/\",\"name\":\"Ferrol Cultura\",\"description\":\"P\u00e1xina de Cultura do Concello de Ferrol\",\"publisher\":{\"@id\":\"https:\/\/www.ferrolcultura.gal\/#organization\"},\"potentialAction\":[{\"@type\":\"SearchAction\",\"target\":{\"@type\":\"EntryPoint\",\"urlTemplate\":\"https:\/\/www.ferrolcultura.gal\/?s={search_term_string}\"},\"query-input\":{\"@type\":\"PropertyValueSpecification\",\"valueRequired\":true,\"valueName\":\"search_term_string\"}}],\"inLanguage\":\"gl-ES\"},{\"@type\":\"Organization\",\"@id\":\"https:\/\/www.ferrolcultura.gal\/#organization\",\"name\":\"Concello de Ferrol\",\"url\":\"https:\/\/www.ferrolcultura.gal\/\",\"logo\":{\"@type\":\"ImageObject\",\"inLanguage\":\"gl-ES\",\"@id\":\"https:\/\/www.ferrolcultura.gal\/#\/schema\/logo\/image\/\",\"url\":\"http:\/\/www.ferrolcultura.gal\/wp-content\/uploads\/2023\/03\/Concello-de-Ferrol-Cultura.png\",\"contentUrl\":\"http:\/\/www.ferrolcultura.gal\/wp-content\/uploads\/2023\/03\/Concello-de-Ferrol-Cultura.png\",\"width\":3033,\"height\":419,\"caption\":\"Concello de Ferrol\"},\"image\":{\"@id\":\"https:\/\/www.ferrolcultura.gal\/#\/schema\/logo\/image\/\"},\"sameAs\":[\"https:\/\/www.facebook.com\/ConcellodeFerrol\",\"https:\/\/x.com\/ferroloficial\",\"https:\/\/www.instagram.com\/concellodeferrol\",\"https:\/\/youtube.com\/@ferrolcultura\"]}]}<\/script>\r\n<!-- \/ Yoast SEO plugin. -->","yoast_head_json":{"title":"Arquivo - Ferrol Cultura","robots":{"index":"index","follow":"follow","max-snippet":"max-snippet:-1","max-image-preview":"max-image-preview:large","max-video-preview":"max-video-preview:-1"},"canonical":"https:\/\/www.ferrolcultura.gal\/index.php\/centros-culturais\/arquivo\/","og_locale":"gl_ES","og_type":"article","og_title":"Arquivo - Ferrol Cultura","og_description":"O Arquivo Municipal custodia e conserva os documentos producidos e recibidos polo Concello de Ferrol desde o s\u00e9culo XVIII ata a actualidade, a\u00ednda que conta con alg\u00fan anterior, concretamente do s\u00e9culo XIV. Este servizo constit\u00fae a memoria escrita m\u00e1is pr\u00f3xima...","og_url":"https:\/\/www.ferrolcultura.gal\/index.php\/centros-culturais\/arquivo\/","og_site_name":"Ferrol Cultura","article_publisher":"https:\/\/www.facebook.com\/ConcellodeFerrol","article_modified_time":"2023-03-20T10:52:05+00:00","og_image":[{"url":"http:\/\/www.ferrolcultura.gal\/wp-content\/uploads\/2023\/03\/arquivo-3.jpg","type":"","width":"","height":""}],"twitter_card":"summary_large_image","twitter_site":"@ferroloficial","twitter_misc":{"Tempo de lectura":"2 minutos"},"schema":{"@context":"https:\/\/schema.org","@graph":[{"@type":"WebPage","@id":"https:\/\/www.ferrolcultura.gal\/index.php\/centros-culturais\/arquivo\/","url":"https:\/\/www.ferrolcultura.gal\/index.php\/centros-culturais\/arquivo\/","name":"Arquivo - Ferrol Cultura","isPartOf":{"@id":"https:\/\/www.ferrolcultura.gal\/#website"},"primaryImageOfPage":{"@id":"https:\/\/www.ferrolcultura.gal\/index.php\/centros-culturais\/arquivo\/#primaryimage"},"image":{"@id":"https:\/\/www.ferrolcultura.gal\/index.php\/centros-culturais\/arquivo\/#primaryimage"},"thumbnailUrl":"http:\/\/www.ferrolcultura.gal\/wp-content\/uploads\/2023\/03\/arquivo-3.jpg","datePublished":"2023-03-20T10:51:58+00:00","dateModified":"2023-03-20T10:52:05+00:00","breadcrumb":{"@id":"https:\/\/www.ferrolcultura.gal\/index.php\/centros-culturais\/arquivo\/#breadcrumb"},"inLanguage":"gl-ES","potentialAction":[{"@type":"ReadAction","target":["https:\/\/www.ferrolcultura.gal\/index.php\/centros-culturais\/arquivo\/"]}]},{"@type":"ImageObject","inLanguage":"gl-ES","@id":"https:\/\/www.ferrolcultura.gal\/index.php\/centros-culturais\/arquivo\/#primaryimage","url":"http:\/\/www.ferrolcultura.gal\/wp-content\/uploads\/2023\/03\/arquivo-3.jpg","contentUrl":"http:\/\/www.ferrolcultura.gal\/wp-content\/uploads\/2023\/03\/arquivo-3.jpg"},{"@type":"BreadcrumbList","@id":"https:\/\/www.ferrolcultura.gal\/index.php\/centros-culturais\/arquivo\/#breadcrumb","itemListElement":[{"@type":"ListItem","position":1,"name":"Portada","item":"https:\/\/www.ferrolcultura.gal\/"},{"@type":"ListItem","position":2,"name":"Centros culturais","item":"https:\/\/www.ferrolcultura.gal\/index.php\/centros-culturais\/"},{"@type":"ListItem","position":3,"name":"Arquivo"}]},{"@type":"WebSite","@id":"https:\/\/www.ferrolcultura.gal\/#website","url":"https:\/\/www.ferrolcultura.gal\/","name":"Ferrol Cultura","description":"P\u00e1xina de Cultura do Concello de Ferrol","publisher":{"@id":"https:\/\/www.ferrolcultura.gal\/#organization"},"potentialAction":[{"@type":"SearchAction","target":{"@type":"EntryPoint","urlTemplate":"https:\/\/www.ferrolcultura.gal\/?s={search_term_string}"},"query-input":{"@type":"PropertyValueSpecification","valueRequired":true,"valueName":"search_term_string"}}],"inLanguage":"gl-ES"},{"@type":"Organization","@id":"https:\/\/www.ferrolcultura.gal\/#organization","name":"Concello de Ferrol","url":"https:\/\/www.ferrolcultura.gal\/","logo":{"@type":"ImageObject","inLanguage":"gl-ES","@id":"https:\/\/www.ferrolcultura.gal\/#\/schema\/logo\/image\/","url":"http:\/\/www.ferrolcultura.gal\/wp-content\/uploads\/2023\/03\/Concello-de-Ferrol-Cultura.png","contentUrl":"http:\/\/www.ferrolcultura.gal\/wp-content\/uploads\/2023\/03\/Concello-de-Ferrol-Cultura.png","width":3033,"height":419,"caption":"Concello de Ferrol"},"image":{"@id":"https:\/\/www.ferrolcultura.gal\/#\/schema\/logo\/image\/"},"sameAs":["https:\/\/www.facebook.com\/ConcellodeFerrol","https:\/\/x.com\/ferroloficial","https:\/\/www.instagram.com\/concellodeferrol","https:\/\/youtube.com\/@ferrolcultura"]}]}},"_links":{"self":[{"href":"https:\/\/www.ferrolcultura.gal\/index.php\/wp-json\/wp\/v2\/pages\/3351","targetHints":{"allow":["GET"]}}],"collection":[{"href":"https:\/\/www.ferrolcultura.gal\/index.php\/wp-json\/wp\/v2\/pages"}],"about":[{"href":"https:\/\/www.ferrolcultura.gal\/index.php\/wp-json\/wp\/v2\/types\/page"}],"author":[{"embeddable":true,"href":"https:\/\/www.ferrolcultura.gal\/index.php\/wp-json\/wp\/v2\/users\/7"}],"replies":[{"embeddable":true,"href":"https:\/\/www.ferrolcultura.gal\/index.php\/wp-json\/wp\/v2\/comments?post=3351"}],"version-history":[{"count":0,"href":"https:\/\/www.ferrolcultura.gal\/index.php\/wp-json\/wp\/v2\/pages\/3351\/revisions"}],"up":[{"embeddable":true,"href":"https:\/\/www.ferrolcultura.gal\/index.php\/wp-json\/wp\/v2\/pages\/3317"}],"wp:attachment":[{"href":"https:\/\/www.ferrolcultura.gal\/index.php\/wp-json\/wp\/v2\/media?parent=3351"}],"curies":[{"name":"wp","href":"https:\/\/api.w.org\/{rel}","templated":true}]}}