{"id":4100,"date":"2023-03-20T09:29:24","date_gmt":"2023-03-20T09:29:24","guid":{"rendered":"http:\/\/www.ferrolcultura.gal\/documentacion\/"},"modified":"2024-05-03T11:23:03","modified_gmt":"2024-05-03T11:23:03","slug":"documentacion","status":"publish","type":"page","link":"https:\/\/www.ferrolcultura.gal\/index.php\/documentacion\/?lang=es","title":{"rendered":"Documentaci\u00f3n"},"content":{"rendered":"\n<h2 class=\"wp-block-heading\">Tr\u00e1mites<\/h2>\n\n<ul class=\"wp-block-list\">\n<li><a rel=\"noreferrer noopener\" href=\"https:\/\/www.ferrol.gal:8443\/cividas-core-web-ferrol\/public\/catalog-detail\/26117734\" target=\"_blank\">Solicitud de cesi\u00f3n de uso de espacios culturales del Ayuntamiento de Ferrol &#8211; Auditorio<\/a><\/li>\n\n\n\n<li><a rel=\"noreferrer noopener\" href=\"https:\/\/www.ferrol.gal:8443\/cividas-core-web-ferrol\/public\/catalog-detail\/26117796\" target=\"_blank\">Solicitud de cesi\u00f3n de uso de espacios culturales del Ayuntamiento de Ferrol &#8211; Carvalho Calero y Centro C\u00edvico de Caranza<\/a><\/li>\n\n\n\n<li><a rel=\"noreferrer noopener\" href=\"https:\/\/www.ferrol.gal:8443\/cividas-core-web-ferrol\/public\/catalog-detail\/26117223\" target=\"_blank\">Solicitud de cesi\u00f3n de uso de espacios culturales del Ayuntamiento de Ferrol &#8211; Teatro Jofre<\/a><\/li>\n\n\n\n<li><a rel=\"noreferrer noopener\" href=\"https:\/\/www.ferrol.gal:8443\/cividas-core-web-ferrol\/public\/catalog-detail\/26117779\" target=\"_blank\">Solicitud de cesi\u00f3n de uso de espacios culturales del Ayuntamiento de Ferrol &#8211; Torrente Ballester<\/a><\/li>\n<\/ul>\n\n<h2 class=\"wp-block-heading\">Precios p\u00fablicos<\/h2>\n\n<ul class=\"wp-block-list\">\n<li><a rel=\"noreferrer noopener\" href=\"https:\/\/www.ferrol.gal\/arquivos\/documentos\/ordenanzas\/2015\/PrezoPublico04.pdf\" target=\"_blank\">Regulador del precio p\u00fablico de las actividades culturales<\/a><\/li>\n\n\n\n<li><a rel=\"noreferrer noopener\" href=\"https:\/\/www.ferrol.gal\/arquivos\/documentos\/ordenanzas\/2014\/PrezoPublico05.pdf\" target=\"_blank\">Regulador del precio p\u00fablico por el uso de los servicios y equipamientos culturales<\/a><\/li>\n<\/ul>\n\n<h2 class=\"wp-block-heading\">Normativa<\/h2>\n\n<ul class=\"wp-block-list\">\n<li><a rel=\"noreferrer noopener\" href=\"http:\/\/www.ferrol.es\/arquivos\/documentos\/normativa\/2012_0000000697.mht\" target=\"_blank\">Normativa municipal para el uso y funcionamiento de los locales de ensayo<\/a><\/li>\n<\/ul>\n\n<h2 class=\"wp-block-heading\">Informes<\/h2>\n\n<ul class=\"wp-block-list\">\n<li><a href=\"https:\/\/www.ferrol.gal\/arquivos\/destacados\/PLAN-ESTRATEXICO-CULTURA.pdf\" target=\"_blank\" rel=\"noreferrer noopener\">Plan Estrat\u00e9gico de Cultura de Ferrol 2023 &#8211; 2028 (propuesta t\u00e9cnica)<\/a><\/li>\n\n\n\n<li><a href=\"https:\/\/ferrol.gal\/arquivos\/documentos\/cultura\/2021_12_21EstudoCulturaDOCUMENTO.pdf\" target=\"_blank\" rel=\"noreferrer noopener\">Estudio para la identificaci\u00f3n y an\u00e1lisis de las necesidades y potencialidades de la cultura en Ferrol<\/a><\/li>\n<\/ul>\n\n<h2 class=\"wp-block-heading\">Ferrol Escena<\/h2>\n\n<ul class=\"wp-block-list\">\n<li><a href=\"https:\/\/www.ferrol.es\/arquivos\/documentos\/cultura\/FerrolEscena2024\/NORMAS_REGULADORAS_2024.pdf\" target=\"_blank\" rel=\"noreferrer noopener\">edici\u00f3n 2024<\/a><\/li>\n<\/ul>\n\n<h2 class=\"wp-block-heading\">Subvenciones<\/h2>\n\n<ul class=\"wp-block-list\">\n<li><a href=\"https:\/\/www.ferrol.gal\/Sede\/SubvencionsNegociadosListado\/2\" target=\"_blank\" rel=\"noreferrer noopener\">Subvenciones culturales<\/a><\/li>\n<\/ul>\n\n<h2 class=\"wp-block-heading\">Ficha de publicaci\u00f3n de eventos para Agentes Socioculturales<\/h2>\n\n<ul class=\"wp-block-list\">\n<li><a href=\"https:\/\/www.ferrolcultura.gal\/wp-content\/uploads\/2023\/12\/FICHA-EVENTOS-FERROL-CULTURA.pdf\">Descargar<\/a><\/li>\n<\/ul>\n\n<h2 class=\"wp-block-heading\">Domingos a escena<\/h2>\n\n<ul class=\"wp-block-list\">\n<li><a href=\"https:\/\/www.ferrol.es\/arquivos\/documentos\/cultura\/DomingosEscena\/2024\/ANUNCIO_BOP.pdf\">edici\u00f3n 2024<\/a><\/li>\n<\/ul>\n","protected":false},"excerpt":{"rendered":"<p>Tr\u00e1mites Precios p\u00fablicos Normativa Informes Ferrol Escena Subvenciones Ficha de publicaci\u00f3n de eventos para Agentes Socioculturales Domingos a escena<\/p>\n","protected":false},"author":7,"featured_media":0,"parent":0,"menu_order":0,"comment_status":"closed","ping_status":"closed","template":"","meta":{"_monsterinsights_skip_tracking":false,"_monsterinsights_sitenote_active":false,"_monsterinsights_sitenote_note":"","_monsterinsights_sitenote_category":0,"footnotes":""},"class_list":["post-4100","page","type-page","status-publish","hentry"],"yoast_head":"<!-- This site is optimized with the Yoast SEO plugin v27.0 - https:\/\/yoast.com\/product\/yoast-seo-wordpress\/ -->\r\n<title>Documentaci\u00f3n - Ferrol Cultura<\/title>\r\n<meta name=\"robots\" content=\"index, follow, max-snippet:-1, max-image-preview:large, max-video-preview:-1\" \/>\r\n<link rel=\"canonical\" href=\"https:\/\/www.ferrolcultura.gal\/index.php\/documentacion\/\" \/>\r\n<meta property=\"og:locale\" content=\"gl_ES\" \/>\r\n<meta property=\"og:type\" content=\"article\" \/>\r\n<meta property=\"og:title\" content=\"Documentaci\u00f3n - Ferrol Cultura\" \/>\r\n<meta property=\"og:description\" content=\"Tr\u00e1mites Precios p\u00fablicos Normativa Informes Ferrol Escena Subvenciones Ficha de publicaci\u00f3n de eventos para Agentes Socioculturales Domingos a escena\" \/>\r\n<meta property=\"og:url\" content=\"https:\/\/www.ferrolcultura.gal\/index.php\/documentacion\/?lang=es\" \/>\r\n<meta property=\"og:site_name\" content=\"Ferrol Cultura\" \/>\r\n<meta property=\"article:publisher\" content=\"https:\/\/www.facebook.com\/ConcellodeFerrol\" \/>\r\n<meta property=\"article:modified_time\" content=\"2024-05-03T11:23:03+00:00\" \/>\r\n<meta name=\"twitter:card\" content=\"summary_large_image\" \/>\r\n<meta name=\"twitter:site\" content=\"@ferroloficial\" \/>\r\n<meta name=\"twitter:label1\" content=\"Tempo de lectura\" \/>\n\t<meta name=\"twitter:data1\" content=\"1 minuto\" \/>\r\n<script type=\"application\/ld+json\" class=\"yoast-schema-graph\">{\"@context\":\"https:\/\/schema.org\",\"@graph\":[{\"@type\":\"WebPage\",\"@id\":\"https:\/\/www.ferrolcultura.gal\/index.php\/documentacion\/?lang=es\",\"url\":\"https:\/\/www.ferrolcultura.gal\/index.php\/documentacion\/?lang=es\",\"name\":\"Documentaci\u00f3n - Ferrol Cultura\",\"isPartOf\":{\"@id\":\"https:\/\/www.ferrolcultura.gal\/#website\"},\"datePublished\":\"2023-03-20T09:29:24+00:00\",\"dateModified\":\"2024-05-03T11:23:03+00:00\",\"breadcrumb\":{\"@id\":\"https:\/\/www.ferrolcultura.gal\/index.php\/documentacion\/?lang=es#breadcrumb\"},\"inLanguage\":\"gl-ES\",\"potentialAction\":[{\"@type\":\"ReadAction\",\"target\":[\"https:\/\/www.ferrolcultura.gal\/index.php\/documentacion\/?lang=es\"]}]},{\"@type\":\"BreadcrumbList\",\"@id\":\"https:\/\/www.ferrolcultura.gal\/index.php\/documentacion\/?lang=es#breadcrumb\",\"itemListElement\":[{\"@type\":\"ListItem\",\"position\":1,\"name\":\"Portada\",\"item\":\"https:\/\/www.ferrolcultura.gal\/\"},{\"@type\":\"ListItem\",\"position\":2,\"name\":\"Documentaci\u00f3n\"}]},{\"@type\":\"WebSite\",\"@id\":\"https:\/\/www.ferrolcultura.gal\/#website\",\"url\":\"https:\/\/www.ferrolcultura.gal\/\",\"name\":\"Ferrol Cultura\",\"description\":\"P\u00e1xina de Cultura do Concello de Ferrol\",\"publisher\":{\"@id\":\"https:\/\/www.ferrolcultura.gal\/#organization\"},\"potentialAction\":[{\"@type\":\"SearchAction\",\"target\":{\"@type\":\"EntryPoint\",\"urlTemplate\":\"https:\/\/www.ferrolcultura.gal\/?s={search_term_string}\"},\"query-input\":{\"@type\":\"PropertyValueSpecification\",\"valueRequired\":true,\"valueName\":\"search_term_string\"}}],\"inLanguage\":\"gl-ES\"},{\"@type\":\"Organization\",\"@id\":\"https:\/\/www.ferrolcultura.gal\/#organization\",\"name\":\"Concello de Ferrol\",\"url\":\"https:\/\/www.ferrolcultura.gal\/\",\"logo\":{\"@type\":\"ImageObject\",\"inLanguage\":\"gl-ES\",\"@id\":\"https:\/\/www.ferrolcultura.gal\/#\/schema\/logo\/image\/\",\"url\":\"http:\/\/www.ferrolcultura.gal\/wp-content\/uploads\/2023\/03\/Concello-de-Ferrol-Cultura.png\",\"contentUrl\":\"http:\/\/www.ferrolcultura.gal\/wp-content\/uploads\/2023\/03\/Concello-de-Ferrol-Cultura.png\",\"width\":3033,\"height\":419,\"caption\":\"Concello de Ferrol\"},\"image\":{\"@id\":\"https:\/\/www.ferrolcultura.gal\/#\/schema\/logo\/image\/\"},\"sameAs\":[\"https:\/\/www.facebook.com\/ConcellodeFerrol\",\"https:\/\/x.com\/ferroloficial\",\"https:\/\/www.instagram.com\/concellodeferrol\",\"https:\/\/youtube.com\/@ferrolcultura\"]}]}<\/script>\r\n<!-- \/ Yoast SEO plugin. -->","yoast_head_json":{"title":"Documentaci\u00f3n - Ferrol Cultura","robots":{"index":"index","follow":"follow","max-snippet":"max-snippet:-1","max-image-preview":"max-image-preview:large","max-video-preview":"max-video-preview:-1"},"canonical":"https:\/\/www.ferrolcultura.gal\/index.php\/documentacion\/","og_locale":"gl_ES","og_type":"article","og_title":"Documentaci\u00f3n - Ferrol Cultura","og_description":"Tr\u00e1mites Precios p\u00fablicos Normativa Informes Ferrol Escena Subvenciones Ficha de publicaci\u00f3n de eventos para Agentes Socioculturales Domingos a escena","og_url":"https:\/\/www.ferrolcultura.gal\/index.php\/documentacion\/?lang=es","og_site_name":"Ferrol Cultura","article_publisher":"https:\/\/www.facebook.com\/ConcellodeFerrol","article_modified_time":"2024-05-03T11:23:03+00:00","twitter_card":"summary_large_image","twitter_site":"@ferroloficial","twitter_misc":{"Tempo de lectura":"1 minuto"},"schema":{"@context":"https:\/\/schema.org","@graph":[{"@type":"WebPage","@id":"https:\/\/www.ferrolcultura.gal\/index.php\/documentacion\/?lang=es","url":"https:\/\/www.ferrolcultura.gal\/index.php\/documentacion\/?lang=es","name":"Documentaci\u00f3n - Ferrol Cultura","isPartOf":{"@id":"https:\/\/www.ferrolcultura.gal\/#website"},"datePublished":"2023-03-20T09:29:24+00:00","dateModified":"2024-05-03T11:23:03+00:00","breadcrumb":{"@id":"https:\/\/www.ferrolcultura.gal\/index.php\/documentacion\/?lang=es#breadcrumb"},"inLanguage":"gl-ES","potentialAction":[{"@type":"ReadAction","target":["https:\/\/www.ferrolcultura.gal\/index.php\/documentacion\/?lang=es"]}]},{"@type":"BreadcrumbList","@id":"https:\/\/www.ferrolcultura.gal\/index.php\/documentacion\/?lang=es#breadcrumb","itemListElement":[{"@type":"ListItem","position":1,"name":"Portada","item":"https:\/\/www.ferrolcultura.gal\/"},{"@type":"ListItem","position":2,"name":"Documentaci\u00f3n"}]},{"@type":"WebSite","@id":"https:\/\/www.ferrolcultura.gal\/#website","url":"https:\/\/www.ferrolcultura.gal\/","name":"Ferrol Cultura","description":"P\u00e1xina de Cultura do Concello de Ferrol","publisher":{"@id":"https:\/\/www.ferrolcultura.gal\/#organization"},"potentialAction":[{"@type":"SearchAction","target":{"@type":"EntryPoint","urlTemplate":"https:\/\/www.ferrolcultura.gal\/?s={search_term_string}"},"query-input":{"@type":"PropertyValueSpecification","valueRequired":true,"valueName":"search_term_string"}}],"inLanguage":"gl-ES"},{"@type":"Organization","@id":"https:\/\/www.ferrolcultura.gal\/#organization","name":"Concello de Ferrol","url":"https:\/\/www.ferrolcultura.gal\/","logo":{"@type":"ImageObject","inLanguage":"gl-ES","@id":"https:\/\/www.ferrolcultura.gal\/#\/schema\/logo\/image\/","url":"http:\/\/www.ferrolcultura.gal\/wp-content\/uploads\/2023\/03\/Concello-de-Ferrol-Cultura.png","contentUrl":"http:\/\/www.ferrolcultura.gal\/wp-content\/uploads\/2023\/03\/Concello-de-Ferrol-Cultura.png","width":3033,"height":419,"caption":"Concello de Ferrol"},"image":{"@id":"https:\/\/www.ferrolcultura.gal\/#\/schema\/logo\/image\/"},"sameAs":["https:\/\/www.facebook.com\/ConcellodeFerrol","https:\/\/x.com\/ferroloficial","https:\/\/www.instagram.com\/concellodeferrol","https:\/\/youtube.com\/@ferrolcultura"]}]}},"_links":{"self":[{"href":"https:\/\/www.ferrolcultura.gal\/index.php\/wp-json\/wp\/v2\/pages\/4100","targetHints":{"allow":["GET"]}}],"collection":[{"href":"https:\/\/www.ferrolcultura.gal\/index.php\/wp-json\/wp\/v2\/pages"}],"about":[{"href":"https:\/\/www.ferrolcultura.gal\/index.php\/wp-json\/wp\/v2\/types\/page"}],"author":[{"embeddable":true,"href":"https:\/\/www.ferrolcultura.gal\/index.php\/wp-json\/wp\/v2\/users\/7"}],"replies":[{"embeddable":true,"href":"https:\/\/www.ferrolcultura.gal\/index.php\/wp-json\/wp\/v2\/comments?post=4100"}],"version-history":[{"count":8,"href":"https:\/\/www.ferrolcultura.gal\/index.php\/wp-json\/wp\/v2\/pages\/4100\/revisions"}],"predecessor-version":[{"id":6300,"href":"https:\/\/www.ferrolcultura.gal\/index.php\/wp-json\/wp\/v2\/pages\/4100\/revisions\/6300"}],"wp:attachment":[{"href":"https:\/\/www.ferrolcultura.gal\/index.php\/wp-json\/wp\/v2\/media?parent=4100"}],"curies":[{"name":"wp","href":"https:\/\/api.w.org\/{rel}","templated":true}]}}